{"id":97,"date":"2018-06-26T07:20:00","date_gmt":"2018-06-26T07:20:00","guid":{"rendered":"https:\/\/www.dresden-versichern.de\/schadensmeldung\/?page_id=97"},"modified":"2018-06-26T07:53:02","modified_gmt":"2018-06-26T07:53:02","slug":"termin-vereinbaren","status":"publish","type":"page","link":"https:\/\/www.radebeul-immobilien.de\/immobilien\/","title":{"rendered":"Termin vereinbaren"},"content":{"rendered":"<div role=\"form\" class=\"wpcf7\" id=\"wpcf7-f96-o1\" lang=\"de-DE\" dir=\"ltr\">\n<div class=\"screen-reader-response\"><\/div>\n<form action=\"\/immobilien\/wp-json\/wp\/v2\/pages\/97#wpcf7-f96-o1\" method=\"post\" class=\"wpcf7-form\" novalidate=\"novalidate\">\n<div style=\"display: none;\">\n<input type=\"hidden\" name=\"_wpcf7\" value=\"96\" \/>\n<input type=\"hidden\" name=\"_wpcf7_version\" value=\"5.1.3\" \/>\n<input type=\"hidden\" name=\"_wpcf7_locale\" value=\"de_DE\" \/>\n<input type=\"hidden\" name=\"_wpcf7_unit_tag\" value=\"wpcf7-f96-o1\" \/>\n<input type=\"hidden\" name=\"_wpcf7_container_post\" value=\"0\" \/>\n<\/div>\n<p><label> Vorname: *<br \/>\n    <span class=\"wpcf7-form-control-wrap your-name\"><input type=\"text\" name=\"your-name\" value=\"\" size=\"40\" class=\"wpcf7-form-control wpcf7-text wpcf7-validates-as-required\" aria-required=\"true\" aria-invalid=\"false\" \/><\/span> <\/label><\/p>\n<p><label> Name: *<br \/>\n    <span class=\"wpcf7-form-control-wrap nachname\"><input type=\"text\" name=\"nachname\" value=\"\" size=\"40\" class=\"wpcf7-form-control wpcf7-text wpcf7-validates-as-required\" aria-required=\"true\" aria-invalid=\"false\" \/><\/span> <\/label><\/p>\n<p><label> Telefon:<br \/>\n    <span class=\"wpcf7-form-control-wrap tel-846\"><input type=\"tel\" name=\"tel-846\" value=\"\" size=\"40\" class=\"wpcf7-form-control wpcf7-text wpcf7-tel wpcf7-validates-as-tel\" aria-invalid=\"false\" \/><\/span> <\/label><\/p>\n<p><label> E-Mail-Adresse: *<br \/>\n    <span class=\"wpcf7-form-control-wrap your-email\"><input type=\"email\" name=\"your-email\" value=\"\" size=\"40\" class=\"wpcf7-form-control wpcf7-text wpcf7-email wpcf7-validates-as-required wpcf7-validates-as-email\" aria-required=\"true\" aria-invalid=\"false\" \/><\/span> <\/label><\/p>\n<p><label> Sie sind:<br \/>\n    <span class=\"wpcf7-form-control-wrap menu-491\"><select name=\"menu-491\" class=\"wpcf7-form-control wpcf7-select\" aria-invalid=\"false\"><option value=\"Kunde\">Kunde<\/option><option value=\"Interessent\">Interessent<\/option><\/select><\/span> <\/label><\/p>\n<p><label> Sie w\u00fcnschen:<br \/>\n    <span class=\"wpcf7-form-control-wrap menu-499\"><select name=\"menu-499\" class=\"wpcf7-form-control wpcf7-select\" aria-invalid=\"false\"><option value=\"Telefongespr\u00e4ch\">Telefongespr\u00e4ch<\/option><option value=\"Pers\u00f6nliches Gespr\u00e4ch\">Pers\u00f6nliches Gespr\u00e4ch<\/option><\/select><\/span> <\/label><\/p>\n<p><label> Terminvorschlag (ins Feld klicken):<br \/>\n    <span class=\"wpcf7-form-control-wrap date-396\"><input type=\"date\" name=\"date-396\" value=\"\" class=\"wpcf7-form-control wpcf7-date wpcf7-validates-as-date\" aria-invalid=\"false\" \/><\/span> <\/label><\/p>\n<p><label> Alternativer Terminvorschlag (ins Feld klicken):<br \/>\n    <span class=\"wpcf7-form-control-wrap date-399\"><input type=\"date\" name=\"date-399\" value=\"\" class=\"wpcf7-form-control wpcf7-date wpcf7-validates-as-date\" aria-invalid=\"false\" \/><\/span> <\/label><\/p>\n<p><label> Nachricht:<br \/>\n    <span class=\"wpcf7-form-control-wrap your-message\"><textarea name=\"your-message\" cols=\"40\" rows=\"10\" class=\"wpcf7-form-control wpcf7-textarea\" aria-invalid=\"false\"><\/textarea><\/span> <\/label><\/p>\n<div style=\"border: 1px solid silver; padding:10px;\">\n<p>\n\tIhre Angaben werden selbstverst\u00e4ndlich vertraulich behandelt. Wir sichern Ihnen zu, Ihre pers\u00f6nlichen Daten ausschlie\u00dflich zum Zweck der Bearbeitung Ihrer Anfrage zu nutzen und nicht an Dritte weiterzugeben. Wir speichern Ihre Daten lediglich zur Kontaktaufnahme und l\u00f6schen sie, sobald die Zweckbindung entf\u00e4llt. Die Daten\u00fcbertragung erfolgt verschl\u00fcsselt.\n\t<\/p>\n<\/p>\n<\/div>\n<p>&nbsp;<\/p>\n<p><span class=\"wpcf7-form-control-wrap kc_captcha\"><span class=\"wpcf7-form-control wpcf7-radio\"> \n    <span class=\"captcha-image\" >\n        <span class=\"cf7ic_instructions\">Bitte beweise, dass du kein Spambot bist und w\u00e4hle das Symbol<span> Herz<\/span> aus.<\/span><label><input type=\"radio\" name=\"kc_captcha\" value=\"kc_human\" \/><svg width=\"50\" height=\"50\" aria-hidden=\"true\" role=\"img\" xmlns=\"https:\/\/www.w3.org\/2000\/svg\" viewBox=\"0 0 576 512\"><path fill=\"currentColor\" d=\"M415 24c-53 0-103 42-127 65-24-23-74-65-127-65C70 24 16 77 16 166c0 72 67 133 69 135l187 181c9 8 23 8 32 0l187-180c2-3 69-64 69-136 0-89-54-142-145-142z\"\/><\/svg><\/label><label><input type=\"radio\" name=\"kc_captcha\" value=\"bot\" \/><svg width=\"50\" height=\"50\" aria-hidden=\"true\" role=\"img\" xmlns=\"https:\/\/www.w3.org\/2000\/svg\" viewBox=\"0 0 512 512\"><path fill=\"currentColor\" d=\"M350 99c-54 0-98-35-166-35-25 0-47 4-68 12a56 56 0 004-24C118 24 95 1 66 0a56 56 0 00-34 102v386c0 13 11 24 24 24h16c13 0 24-11 24-24v-94c28-12 64-23 114-23 54 0 98 35 166 35 48 0 86-16 122-41 9-6 14-15 14-26V96c0-23-24-39-45-29-35 16-77 32-117 32z\"\/><\/svg><\/label><label><input type=\"radio\" name=\"kc_captcha\" value=\"bot\" \/><svg width=\"50\" height=\"50\" aria-hidden=\"true\" role=\"img\" xmlns=\"https:\/\/www.w3.org\/2000\/svg\" viewBox=\"0 0 512 512\"><path fill=\"currentColor\" d=\"M512 176a176 176 0 01-209 173l-24 27a24 24 0 01-18 8h-37v40c0 13-11 24-24 24h-40v40c0 13-11 24-24 24H24c-13 0-24-11-24-24v-78c0-6 3-13 7-17l162-162a176 176 0 11343-55zm-176-48a48 48 0 1096 0 48 48 0 00-96 0z\"\/><\/svg><\/label>\n    <\/span>\n    <span style=\"display:none\">\n        <input type=\"text\" name=\"kc_honeypot\">\n    <\/span><\/span><\/span><\/p>\n<p>&nbsp;<\/p>\n<p><input type=\"submit\" value=\"Senden\" class=\"wpcf7-form-control wpcf7-submit\" \/><\/p>\n<div class=\"wpcf7-response-output wpcf7-display-none\"><\/div><\/form><\/div>\n","protected":false},"excerpt":{"rendered":"Vorname: * Name: * Telefon: E-Mail-Adresse: * Sie sind: KundeInteressent Sie w\u00fcnschen: Telefongespr\u00e4chPers\u00f6nliches Gespr\u00e4ch Terminvorschlag (ins Feld klicken): Alternativer Terminvorschlag (ins Feld klicken): Nachricht: Ihre Angaben werden selbstverst\u00e4ndlich vertraulich behandelt. Wir sichern Ihnen zu, Ihre pers\u00f6nlichen Daten ausschlie\u00dflich zum Zweck der Bearbeitung Ihrer Anfrage zu nutzen und nicht an Dritte weiterzugeben. Wir speichern Ihre Daten lediglich zur Kontaktaufnahme und l\u00f6schen<div class=\"read-more\"><a class=\"more-link\" href=\"https:\/\/www.radebeul-immobilien.de\/immobilien\/\">Read More ...<\/a><\/div>","protected":false},"author":1,"featured_media":0,"parent":0,"menu_order":0,"comment_status":"closed","ping_status":"closed","template":"","meta":[],"yoast_head":"<!-- This site is optimized with the Yoast SEO plugin v15.9.1 - https:\/\/yoast.com\/wordpress\/plugins\/seo\/ -->\n<meta name=\"description\" content=\"Radebeul - Immobilien Termin vereinbaren &ndash;\" \/>\n<meta name=\"robots\" content=\"index, follow, max-snippet:-1, max-image-preview:large, max-video-preview:-1\" \/>\n<link rel=\"canonical\" href=\"https:\/\/www.radebeul-immobilien.de\/immobilien\/\" \/>\n<meta property=\"og:locale\" content=\"de_DE\" \/>\n<meta property=\"og:type\" content=\"article\" \/>\n<meta property=\"og:title\" content=\"Termin vereinbaren &ndash; Radebeul - Immobilien\" \/>\n<meta property=\"og:description\" content=\"Radebeul - Immobilien Termin vereinbaren &ndash;\" \/>\n<meta property=\"og:url\" content=\"https:\/\/www.radebeul-immobilien.de\/immobilien\/\" \/>\n<meta property=\"og:site_name\" content=\"Radebeul - Immobilien\" \/>\n<meta property=\"article:publisher\" content=\"https:\/\/www.facebook.com\/chris.pannwitz\/\" \/>\n<meta property=\"article:modified_time\" content=\"2018-06-26T07:53:02+00:00\" \/>\n<meta property=\"og:image\" content=\"https:\/\/www.radebeul-immobilien.de\/immobilien\/wp-content\/uploads\/2021\/03\/Radebeul-Vers-3333x3333-mrE-001.png\" \/>\n\t<meta property=\"og:image:width\" content=\"3333\" \/>\n\t<meta property=\"og:image:height\" content=\"3333\" \/>\n<meta name=\"twitter:card\" content=\"summary_large_image\" \/>\n<script type=\"application\/ld+json\" class=\"yoast-schema-graph\">{\"@context\":\"https:\/\/schema.org\",\"@graph\":[{\"@type\":\"Organization\",\"@id\":\"https:\/\/www.radebeul-immobilien.de\/immobilien\/#organization\",\"name\":\"Radebeul \\u2013 Immobilien\",\"url\":\"https:\/\/www.radebeul-immobilien.de\/immobilien\/\",\"sameAs\":[\"https:\/\/www.facebook.com\/chris.pannwitz\/\"],\"logo\":{\"@type\":\"ImageObject\",\"@id\":\"https:\/\/www.radebeul-immobilien.de\/immobilien\/#logo\",\"inLanguage\":\"de\",\"url\":\"https:\/\/www.radebeul-immobilien.de\/immobilien\/wp-content\/uploads\/2021\/03\/Radebeul-Vers-3333x3333-mrE-001.png\",\"width\":3333,\"height\":3333,\"caption\":\"Radebeul \\u2013 Immobilien\"},\"image\":{\"@id\":\"https:\/\/www.radebeul-immobilien.de\/immobilien\/#logo\"}},{\"@type\":\"WebSite\",\"@id\":\"https:\/\/www.radebeul-immobilien.de\/immobilien\/#website\",\"url\":\"https:\/\/www.radebeul-immobilien.de\/immobilien\/\",\"name\":\"Radebeul - Immobilien\",\"description\":\"\",\"publisher\":{\"@id\":\"https:\/\/www.radebeul-immobilien.de\/immobilien\/#organization\"},\"potentialAction\":[{\"@type\":\"SearchAction\",\"target\":\"https:\/\/www.radebeul-immobilien.de\/immobilien\/?s={search_term_string}\",\"query-input\":\"required name=search_term_string\"}],\"inLanguage\":\"de\"},{\"@type\":\"WebPage\",\"@id\":\"https:\/\/www.radebeul-immobilien.de\/immobilien\/#webpage\",\"url\":\"https:\/\/www.radebeul-immobilien.de\/immobilien\/\",\"name\":\"Termin vereinbaren &ndash; Radebeul - Immobilien\",\"isPartOf\":{\"@id\":\"https:\/\/www.radebeul-immobilien.de\/immobilien\/#website\"},\"datePublished\":\"2018-06-26T07:20:00+00:00\",\"dateModified\":\"2018-06-26T07:53:02+00:00\",\"description\":\"Radebeul - Immobilien Termin vereinbaren &ndash;\",\"breadcrumb\":{\"@id\":\"https:\/\/www.radebeul-immobilien.de\/immobilien\/#breadcrumb\"},\"inLanguage\":\"de\",\"potentialAction\":[{\"@type\":\"ReadAction\",\"target\":[\"https:\/\/www.radebeul-immobilien.de\/immobilien\/\"]}]},{\"@type\":\"BreadcrumbList\",\"@id\":\"https:\/\/www.radebeul-immobilien.de\/immobilien\/#breadcrumb\",\"itemListElement\":[{\"@type\":\"ListItem\",\"position\":1,\"item\":{\"@type\":\"WebPage\",\"@id\":\"https:\/\/www.radebeul-immobilien.de\/immobilien\/\",\"url\":\"https:\/\/www.radebeul-immobilien.de\/immobilien\/\",\"name\":\"Startseite\"}},{\"@type\":\"ListItem\",\"position\":2,\"item\":{\"@type\":\"WebPage\",\"@id\":\"https:\/\/www.radebeul-immobilien.de\/immobilien\/\",\"url\":\"https:\/\/www.radebeul-immobilien.de\/immobilien\/\",\"name\":\"Termin vereinbaren\"}}]}]}<\/script>\n<!-- \/ Yoast SEO plugin. -->","_links":{"self":[{"href":"https:\/\/www.radebeul-immobilien.de\/immobilien\/wp-json\/wp\/v2\/pages\/97"}],"collection":[{"href":"https:\/\/www.radebeul-immobilien.de\/immobilien\/wp-json\/wp\/v2\/pages"}],"about":[{"href":"https:\/\/www.radebeul-immobilien.de\/immobilien\/wp-json\/wp\/v2\/types\/page"}],"author":[{"embeddable":true,"href":"https:\/\/www.radebeul-immobilien.de\/immobilien\/wp-json\/wp\/v2\/users\/1"}],"replies":[{"embeddable":true,"href":"https:\/\/www.radebeul-immobilien.de\/immobilien\/wp-json\/wp\/v2\/comments?post=97"}],"version-history":[{"count":3,"href":"https:\/\/www.radebeul-immobilien.de\/immobilien\/wp-json\/wp\/v2\/pages\/97\/revisions"}],"predecessor-version":[{"id":101,"href":"https:\/\/www.radebeul-immobilien.de\/immobilien\/wp-json\/wp\/v2\/pages\/97\/revisions\/101"}],"wp:attachment":[{"href":"https:\/\/www.radebeul-immobilien.de\/immobilien\/wp-json\/wp\/v2\/media?parent=97"}],"curies":[{"name":"wp","href":"https:\/\/api.w.org\/{rel}","templated":true}]}}