{"id":57,"date":"2016-04-29T11:42:53","date_gmt":"2016-04-29T09:42:53","guid":{"rendered":"http:\/\/demo.knepptec.de\/chris-pannwitz\/formulare\/?page_id=57"},"modified":"2024-10-15T11:03:57","modified_gmt":"2024-10-15T11:03:57","slug":"impressum","status":"publish","type":"page","link":"https:\/\/www.radebeul-immobilien.de\/immobilien\/impressum\/","title":{"rendered":"Impressum"},"content":{"rendered":"<h2><strong>Angaben gem\u00e4\u00df \u00a7 5 DDG<\/strong><\/h2>\n<div>\n<div>\n<p>Rechtliche Informationen und Kontakte<\/p>\n<\/div>\n<table>\n<tbody>\n<tr>\n<td><strong>Anschrift:<\/strong><\/td>\n<td>Radebeuler Versicherungsmakler GmbH<br \/>\nEduard-Bilz Stra\u00dfe 8<br \/>\n01445 Radebeul<\/td>\n<\/tr>\n<tr>\n<td><strong>Vertreten durch den Gesch\u00e4ftsf\u00fchrer:<\/strong><\/td>\n<td>Chris Pannwitz<\/td>\n<\/tr>\n<tr>\n<td><strong>Weitere Kontaktaufnahmem\u00f6glichkeiten:<\/strong><\/td>\n<td>Telefon: 0351\/ 833 81 74 &#8211; 4<br \/>\nTelefax: 0351\/ 833 81 74 &#8211; 5<br \/>\nE-Mail: <a href=\"mailto:info@radebeul-immobilien.de\">info@radebeul-immobilien.de<\/a><\/td>\n<\/tr>\n<tr>\n<td><strong><span class=\"article-body\">Verantwortlicher i.S.d. \u00a7 18 Abs. 2 MStV<\/span> f\u00fcr die Inhalte dieser<\/strong><br \/>\n<strong>Internetseiten sowie f\u00fcr unsere Profile auf Xing, Facebook,<\/strong><br \/>\n<strong>Twitter &amp; YouTube:<\/strong><\/td>\n<td>Chris Pannwitz<\/td>\n<\/tr>\n<tr>\n<td><strong>Gesch\u00e4ftssitz:<\/strong><\/td>\n<td>Eduard-Bilz Stra\u00dfe 8<br \/>\n01445 Radebeul<\/td>\n<\/tr>\n<tr>\n<td><strong>Registergericht:<\/strong><\/td>\n<td>Amtsgericht Dresden, HRB 37886<\/td>\n<\/tr>\n<\/tbody>\n<\/table>\n<div>\n<p>Aufsichtsbeh\u00f6rden<\/p>\n<\/div>\n<table>\n<tbody>\n<tr>\n<td><strong>Beh\u00f6rde f\u00fcr die Erlaubnis nach \u00a7 34 d Abs. 1 GewO:<\/strong><\/td>\n<td>Industrie- und Handelskammer Dresden<br \/>\nLanger Weg 4<br \/>\n01239 Dresden<br \/>\nTelefon: 0351 2802-0<\/p>\n<p>E-Mail: <a href=\"mailto:service@dresden.ihk.de?subject=Kontakt%20ueber%20Portal%20der%20Industrie-%20und%20Handelskammer%20Dresden\">service@dresden.ihk.de<\/a><br \/>\nWeb: <a href=\"https:\/\/www.dresden.ihk.de\/\">https:\/\/www.dresden.ihk.de<\/a>Versicherungsvermittlerregister (einsehbar unter <u><a href=\"http:\/\/www.vermittlerregister.info\/\" target=\"_blank\" rel=\"noopener noreferrer\">www.vermittlerregister.info<\/a><\/u>)<\/p>\n<p>Registrierungsnummer gem. \u00a7 11 a Abs. 1 GewO: D-6UTP-WX785-12<\/td>\n<\/tr>\n<tr>\n<td><strong>Beh\u00f6rde f\u00fcr die Erlaubnis nach \u00a7 34 c GewO:<\/strong><\/td>\n<td>Landratsamt Mei\u00dfen<br \/>\nKreisordnungsamt<br \/>\nBrauhausstra\u00dfe 21<br \/>\n01662 Mei\u00dfen<\/p>\n<p>Telefon: 03521 725-0<br \/>\nTelefax: 03521 725-9900<br \/>\nE-Mail: <a href=\"mailto:post@kreis-meissen.de\">post@kreis-meissen.de<\/a><br \/>\nDie Erlaubnis gem. \u00a7 34 c GewO wurde erteilt.<\/td>\n<\/tr>\n<tr>\n<td><strong>Beh\u00f6rde f\u00fcr die Erlaubnis nach \u00a7 34 i Abs. 1 S. 1 GewO:<\/strong><\/td>\n<td>Industrie- und Handelskammer Dresden<br \/>\nLanger Weg 4<br \/>\n01239 Dresden<\/p>\n<p>Telefon: 0351 2802-0<br \/>\nE-Mail: <a href=\"mailto:service@dresden.ihk.de?subject=Kontakt%20ueber%20Portal%20der%20Industrie-%20und%20Handelskammer%20Dresden\">service@dresden.ihk.de<\/a><br \/>\nWeb: <a href=\"https:\/\/www.dresden.ihk.de\/\">https:\/\/www.dresden.ihk.de<\/a><\/p>\n<p>Immobiliardarlehensvermittlerregister (einsehbar unter <u><a href=\"http:\/\/www.vermittlerregister.info\/\" target=\"_blank\" rel=\"noopener noreferrer\">www.vermittlerregister.info<\/a><\/u>)<br \/>\nRegistrierungsnummer gem. \u00a7 11 a Abs. 1 GewO: D-W-144-1234-90<\/td>\n<\/tr>\n<\/tbody>\n<\/table>\n<div>\n<p>Sonstige<\/p>\n<\/div>\n<table>\n<tbody>\n<tr>\n<td><strong>Berufshaftpflichtversicherung:<\/strong><\/td>\n<td>ERGO Versicherung AG, 40198 D\u00fcsseldorf &#8211;<br \/>\nVersicherungssumme 3.000.000 \u20ac f\u00fcr Versicherungsvermittlung, 1.000.000 \u20ac f\u00fcr Immobiliardarlehensvermittlung<\/td>\n<\/tr>\n<tr>\n<td><strong>Berufsbezeichnung:<\/strong><\/td>\n<td><strong>Versicherungsmakler<\/strong> mit Erlaubnis nach \u00a7 34 d Abs. 1 GewO,<br \/>\nBundesrepublik Deutschland<\/p>\n<p><strong>Immobiliardarlehensvermittler<\/strong> mit der Erlaubnis nach<br \/>\n\u00a7 34 i Abs. 1 S. 1 GewO, Bundesrepublik Deutschland<\/p>\n<p><strong>Darlehensvermittler<\/strong> mit Erlaubnis nach<br \/>\n\u00a7 34c Abs. 1 S. 2 GewO, Bundesrepublik Deutschland<\/p>\n<p><strong>Immobilienmakler<\/strong> mit Erlaubnis nach \u00a7 34c Abs. 1 S. 1 GewO,<br \/>\nBundesrepublik Deutschland<\/td>\n<\/tr>\n<tr>\n<td><strong>Berufsrechtliche Regelungen:<\/strong><\/td>\n<td>\u00a7 34i Gewerbeordnung (GewO)<br \/>\n\u00a7 34c Gewerbeordnung (GewO)<br \/>\n\u00a7 34d Gewerbeordnung (GewO)<br \/>\n\u00a7\u00a7 59-68 Gesetz \u00fcber den Versicherungsvertrag (VVG)<\/p>\n<p>Verordnung \u00fcber die Immobiliardarlehensvermittlung (ImmVermV)<br \/>\nVerordnung \u00fcber die Versicherungsvermittlung und \u2013beratung (VersVermV)<\/p>\n<p>Verordnung \u00fcber die Pflichten der Makler, Darlehensvermittler, Bautr\u00e4ger und Baubetreuer (MaBV)<\/p>\n<p>Die berufsrechtlichen Regelungen k\u00f6nnen \u00fcber die vom Bundesministerium der Justiz und der juris GmbH betriebenen Homepage <u><a href=\"http:\/\/www.gesetze-im-internet.de\/\" target=\"_blank\" rel=\"noopener noreferrer\">www.gesetze-im-internet.de<\/a><\/u> eingesehen und abgerufen werden.<\/td>\n<\/tr>\n<tr>\n<td><strong>Gemeinsame Registerstelle im Sinne des \u00a7 15 Abs. 1 Nr. 9 VersVermV:<\/strong><\/td>\n<td>Deutscher Industrie- und Handelskammertag (DIHK) e.V.<br \/>\nBreite Stra\u00dfe 29<br \/>\n10178 Berlin<br \/>\nTelefon: <u><a href=\"tel:+49%20(0)30%2020%20308-0\">+49 (0)30 20 308-0<\/a><\/u><br \/>\nTelefon 0180-600-585-0 *<\/p>\n<p>* 20 Cent\/Anruf aus dem deutschen Festnetz, h\u00f6chstens 60 Cent\/Anruf aus Mobilfunknetzen<br \/>\nRegisterabruf unter <u><a href=\"http:\/\/www.vermittlerregister.info\/\" target=\"_blank\" rel=\"noopener noreferrer\">www.vermittlerregister.info<\/a><\/u> unter Registernummer D-6UTP-WX785-12<\/td>\n<\/tr>\n<tr>\n<td><strong>Zust\u00e4ndige Berufskammer:<\/strong><\/td>\n<td>Industrie- und Handelskammer Dresden<br \/>\nLanger Weg 4<br \/>\n01239 Dresden<\/p>\n<p>Telefon: 0351 2802-0<br \/>\nE-Mail: <a href=\"mailto:service@dresden.ihk.de?subject=Kontakt%20ueber%20Portal%20der%20Industrie-%20und%20Handelskammer%20Dresden\">service@dresden.ihk.de<\/a><br \/>\nWeb: <a href=\"https:\/\/www.dresden.ihk.de\/\">https:\/\/www.dresden.ihk.de<\/a><\/td>\n<\/tr>\n<tr>\n<td><strong>Streitbeilegung\/Schlichtungsstellen:<\/strong><\/td>\n<td>Bei Fragen zu Ihren Versicherungsvertr\u00e4gen oder bei Unstimmigkeiten wenden Sie sich bitte zuerst an uns als Ihren Versicherungsmakler.<\/p>\n<p>Wir sind gem\u00e4\u00df \u00a7 17 Abs. 4 der Versicherungsvermittlungsverordnung verpflichtet am Streitbeilegungsverfahren vor folgenden Verbraucherschlichtungsstellen teilzunehmen:<\/p>\n<p>Versicherungsombudsmann e.V.<br \/>\nPostfach 08 06 32<br \/>\n10006 Berlin<br \/>\n<u><a href=\"http:\/\/www.versicherungsombudsmann.de\/\" target=\"_blank\" rel=\"noopener noreferrer\">www.versicherungsombudsmann.de<\/a><\/u><\/p>\n<p>Ombudsmann f\u00fcr die private Kranken- und Pflegeversicherung<br \/>\nKronenstrasse 13<br \/>\n10117 Berlin<br \/>\n<u><a href=\"http:\/\/www.pkv-ombudsmann.de\/\" target=\"_blank\" rel=\"noopener noreferrer\">www.pkv-ombudsmann.de<\/a><\/u><\/p>\n<p>Ombudsmann der privaten Bausparkassen<br \/>\nPostfach 303079<br \/>\n10730 Berlin<br \/>\nwww.schlichtungsstelle-bausparen.de<\/td>\n<\/tr>\n<tr>\n<td><strong>Branche \/ T\u00e4tigkeit des Unternehmens:<\/strong><\/td>\n<td>Versicherungsmakler, Beratung von Finanzdienstleistern und Dienstleister f\u00fcr angebundene Mehrfachagenten.<\/td>\n<\/tr>\n<tr>\n<td><strong>Technische Realisierung und Design:<\/strong><\/td>\n<td>Radebeuler Versicherungsmakler GmbH<\/p>\n<p>Computer Center Werner<br \/>\nChemnitzer Stra\u00dfe 32<br \/>\n09212 Limbach-Oberfrohna<\/td>\n<\/tr>\n<tr>\n<td>Bildnachweise:<\/td>\n<td>&#8230;<\/td>\n<\/tr>\n<\/tbody>\n<\/table>\n<h3>Haftungsausschluss<\/h3>\n<p><strong>1. Inhalt des Onlineangebotes<\/strong><br \/>\nDer Autor \u00fcbernimmt keinerlei Gew\u00e4hr f\u00fcr die Aktualit\u00e4t, Korrektheit, Vollst\u00e4ndigkeit oder Qualit\u00e4t der bereitgestellten Informationen. Haftungsanspr\u00fcche gegen den Autor, welche sich auf Sch\u00e4den materieller oder ideeller Art beziehen, die durch die Nutzung oder Nichtnutzung der dargebotenen Informationen bzw. durch die Nutzung fehlerhafter und unvollst\u00e4ndiger Informationen verursacht wurden, sind grunds\u00e4tzlich ausgeschlossen, sofern seitens des Autors kein nachweislich vors\u00e4tzliches oder grob fahrl\u00e4ssiges Verschulden vorliegt.<br \/>\nAlle Angebote sind freibleibend und unverbindlich. Der Autor beh\u00e4lt es sich ausdr\u00fccklich vor, Teile der Seiten oder das gesamte Angebot ohne gesonderte Ank\u00fcndigung zu ver\u00e4ndern, zu erg\u00e4nzen, zu l\u00f6schen oder die Ver\u00f6ffentlichung zeitweise oder endg\u00fcltig einzustellen.<\/p>\n<p><strong>2. Verweise und Links<\/strong><br \/>\nBei direkten oder indirekten Verweisen auf fremde Webseiten (\u201eHyperlinks\u201c), die au\u00dferhalb des Verantwortungsbereiches des Autors liegen, w\u00fcrde eine Haftungsverpflichtung ausschlie\u00dflich in dem Fall in Kraft treten, in dem der Autor von den Inhalten Kenntnis hat und es ihm technisch m\u00f6glich und zumutbar w\u00e4re, die Nutzung im Falle rechtswidriger Inhalte zu verhindern.<br \/>\nDer Autor erkl\u00e4rt hiermit ausdr\u00fccklich, dass zum Zeitpunkt der Linksetzung keine illegalen Inhalte auf den zu verlinkenden Seiten erkennbar waren. Auf die aktuelle und zuk\u00fcnftige Gestaltung, die Inhalte oder die Urheberschaft der verlinkten\/verkn\u00fcpften Seiten hat der Autor keinerlei Einfluss. Deshalb distanziert er sich hiermit ausdr\u00fccklich von allen Inhalten aller verlinkten \/verkn\u00fcpften Seiten, die nach der Linksetzung ver\u00e4ndert wurden. Diese Feststellung gilt f\u00fcr alle innerhalb des eigenen Internetangebotes gesetzten Links und Verweise sowie f\u00fcr Fremdeintr\u00e4ge in vom Autor eingerichteten G\u00e4steb\u00fcchern, Diskussionsforen, Linkverzeichnissen, Mailinglisten und in allen anderen Formen von Datenbanken, auf deren Inhalt externe Schreibzugriffe m\u00f6glich sind. F\u00fcr illegale, fehlerhafte oder unvollst\u00e4ndige Inhalte und insbesondere f\u00fcr Sch\u00e4den, die aus der Nutzung oder Nichtnutzung solcherart dargebotener Informationen entstehen, haftet allein der Anbieter der Seite, auf welche verwiesen wurde, nicht derjenige, der \u00fcber Links auf die jeweilige Ver\u00f6ffentlichung lediglich verweist.<\/p>\n<p><strong>3. Urheber- und Kennzeichenrecht<\/strong><br \/>\nDer Autor ist bestrebt, in allen Publikationen die Urheberrechte der verwendeten Bilder, Grafiken, Tondokumente, Videosequenzen und Texte zu beachten, von ihm selbst erstellte Bilder, Grafiken, Tondokumente, Videosequenzen und Texte zu nutzen oder auf lizenzfreie Grafiken, Tondokumente, Videosequenzen und Texte zur\u00fcckzugreifen.<br \/>\nAlle innerhalb des Internetangebotes genannten und ggf. durch Dritte gesch\u00fctzten Marken- und Warenzeichen unterliegen uneingeschr\u00e4nkt den Bestimmungen des jeweils g\u00fcltigen Kennzeichenrechts und den Besitzrechten der jeweiligen eingetragenen Eigent\u00fcmer. Allein aufgrund der blo\u00dfen Nennung ist nicht der Schluss zu ziehen, dass Markenzeichen nicht durch Rechte Dritter gesch\u00fctzt sind!<br \/>\nDas Copyright f\u00fcr ver\u00f6ffentlichte, vom Autor selbst erstellte Objekte bleibt allein beim Autor der Seiten. Eine Vervielf\u00e4ltigung oder Verwendung solcher Grafiken, Tondokumente, Videosequenzen und Texte in anderen elektronischen oder gedruckten Publikationen ist ohne ausdr\u00fcckliche Zustimmung des Autors nicht gestattet.<\/p>\n<p><strong>4. Rechtswirksamkeit dieses Haftungsausschlusses<\/strong><br \/>\nDieser Haftungsausschluss ist als Teil des Internetangebotes zu betrachten, von dem aus auf diese Seite verwiesen wurde. Sofern Teile oder einzelne Formulierungen dieses Textes der geltenden Rechtslage nicht, nicht mehr oder nicht vollst\u00e4ndig entsprechen sollten, bleiben die \u00fcbrigen Teile des Dokumentes in ihrem Inhalt und ihrer G\u00fcltigkeit davon unber\u00fchrt.<\/p>\n<\/div>\n","protected":false},"excerpt":{"rendered":"<p>Angaben gem\u00e4\u00df \u00a7 5 DDG Rechtliche Informationen und Kontakte Anschrift: Radebeuler Versicherungsmakler GmbH Eduard-Bilz Stra\u00dfe 8 01445 Radebeul Vertreten durch den Gesch\u00e4ftsf\u00fchrer: Chris Pannwitz Weitere Kontaktaufnahmem\u00f6glichkeiten: Telefon: 0351\/ 833 81 74 &#8211; 4 Telefax: 0351\/ 833 81 74 &#8211; 5 E-Mail: info@radebeul-immobilien.de Verantwortlicher i.S.d. \u00a7 18 Abs. 2 MStV f\u00fcr die Inhalte dieser Internetseiten sowie f\u00fcr unsere Profile auf Xing,<\/p>\n<div class=\"read-more\"><a class=\"more-link\" href=\"https:\/\/www.radebeul-immobilien.de\/immobilien\/impressum\/\">Read More &#8230;<\/a><\/div>\n","protected":false},"author":2,"featured_media":0,"parent":0,"menu_order":0,"comment_status":"closed","ping_status":"closed","template":"","meta":[],"yoast_head":"<!-- This site is optimized with the Yoast SEO plugin v15.9.1 - https:\/\/yoast.com\/wordpress\/plugins\/seo\/ -->\n<meta name=\"description\" content=\"Radebeul - Immobilien Impressum &ndash;\" \/>\n<meta name=\"robots\" content=\"index, follow, max-snippet:-1, max-image-preview:large, max-video-preview:-1\" \/>\n<link rel=\"canonical\" href=\"https:\/\/www.radebeul-immobilien.de\/immobilien\/impressum\/\" \/>\n<meta property=\"og:locale\" content=\"de_DE\" \/>\n<meta property=\"og:type\" content=\"article\" \/>\n<meta property=\"og:title\" content=\"Impressum &ndash; Radebeul - Immobilien\" \/>\n<meta property=\"og:description\" content=\"Radebeul - Immobilien Impressum &ndash;\" \/>\n<meta property=\"og:url\" content=\"https:\/\/www.radebeul-immobilien.de\/immobilien\/impressum\/\" \/>\n<meta property=\"og:site_name\" content=\"Radebeul - Immobilien\" \/>\n<meta property=\"article:publisher\" content=\"https:\/\/www.facebook.com\/chris.pannwitz\/\" \/>\n<meta property=\"article:modified_time\" content=\"2024-10-15T11:03:57+00:00\" \/>\n<meta property=\"og:image\" content=\"https:\/\/www.radebeul-immobilien.de\/immobilien\/wp-content\/uploads\/2021\/03\/Radebeul-Vers-3333x3333-mrE-001.png\" \/>\n\t<meta property=\"og:image:width\" content=\"3333\" \/>\n\t<meta property=\"og:image:height\" content=\"3333\" \/>\n<meta name=\"twitter:card\" content=\"summary_large_image\" \/>\n<meta name=\"twitter:label1\" content=\"Gesch\u00e4tzte Lesezeit\">\n\t<meta name=\"twitter:data1\" content=\"5\u00a0Minuten\">\n<script type=\"application\/ld+json\" class=\"yoast-schema-graph\">{\"@context\":\"https:\/\/schema.org\",\"@graph\":[{\"@type\":\"Organization\",\"@id\":\"https:\/\/www.radebeul-immobilien.de\/immobilien\/#organization\",\"name\":\"Radebeul \\u2013 Immobilien\",\"url\":\"https:\/\/www.radebeul-immobilien.de\/immobilien\/\",\"sameAs\":[\"https:\/\/www.facebook.com\/chris.pannwitz\/\"],\"logo\":{\"@type\":\"ImageObject\",\"@id\":\"https:\/\/www.radebeul-immobilien.de\/immobilien\/#logo\",\"inLanguage\":\"de\",\"url\":\"https:\/\/www.radebeul-immobilien.de\/immobilien\/wp-content\/uploads\/2021\/03\/Radebeul-Vers-3333x3333-mrE-001.png\",\"width\":3333,\"height\":3333,\"caption\":\"Radebeul \\u2013 Immobilien\"},\"image\":{\"@id\":\"https:\/\/www.radebeul-immobilien.de\/immobilien\/#logo\"}},{\"@type\":\"WebSite\",\"@id\":\"https:\/\/www.radebeul-immobilien.de\/immobilien\/#website\",\"url\":\"https:\/\/www.radebeul-immobilien.de\/immobilien\/\",\"name\":\"Radebeul - Immobilien\",\"description\":\"\",\"publisher\":{\"@id\":\"https:\/\/www.radebeul-immobilien.de\/immobilien\/#organization\"},\"potentialAction\":[{\"@type\":\"SearchAction\",\"target\":\"https:\/\/www.radebeul-immobilien.de\/immobilien\/?s={search_term_string}\",\"query-input\":\"required name=search_term_string\"}],\"inLanguage\":\"de\"},{\"@type\":\"WebPage\",\"@id\":\"https:\/\/www.radebeul-immobilien.de\/immobilien\/impressum\/#webpage\",\"url\":\"https:\/\/www.radebeul-immobilien.de\/immobilien\/impressum\/\",\"name\":\"Impressum &ndash; Radebeul - Immobilien\",\"isPartOf\":{\"@id\":\"https:\/\/www.radebeul-immobilien.de\/immobilien\/#website\"},\"datePublished\":\"2016-04-29T09:42:53+00:00\",\"dateModified\":\"2024-10-15T11:03:57+00:00\",\"description\":\"Radebeul - Immobilien Impressum &ndash;\",\"breadcrumb\":{\"@id\":\"https:\/\/www.radebeul-immobilien.de\/immobilien\/impressum\/#breadcrumb\"},\"inLanguage\":\"de\",\"potentialAction\":[{\"@type\":\"ReadAction\",\"target\":[\"https:\/\/www.radebeul-immobilien.de\/immobilien\/impressum\/\"]}]},{\"@type\":\"BreadcrumbList\",\"@id\":\"https:\/\/www.radebeul-immobilien.de\/immobilien\/impressum\/#breadcrumb\",\"itemListElement\":[{\"@type\":\"ListItem\",\"position\":1,\"item\":{\"@type\":\"WebPage\",\"@id\":\"https:\/\/www.radebeul-immobilien.de\/immobilien\/\",\"url\":\"https:\/\/www.radebeul-immobilien.de\/immobilien\/\",\"name\":\"Startseite\"}},{\"@type\":\"ListItem\",\"position\":2,\"item\":{\"@type\":\"WebPage\",\"@id\":\"https:\/\/www.radebeul-immobilien.de\/immobilien\/impressum\/\",\"url\":\"https:\/\/www.radebeul-immobilien.de\/immobilien\/impressum\/\",\"name\":\"Impressum\"}}]}]}<\/script>\n<!-- \/ Yoast SEO plugin. -->","_links":{"self":[{"href":"https:\/\/www.radebeul-immobilien.de\/immobilien\/wp-json\/wp\/v2\/pages\/57"}],"collection":[{"href":"https:\/\/www.radebeul-immobilien.de\/immobilien\/wp-json\/wp\/v2\/pages"}],"about":[{"href":"https:\/\/www.radebeul-immobilien.de\/immobilien\/wp-json\/wp\/v2\/types\/page"}],"author":[{"embeddable":true,"href":"https:\/\/www.radebeul-immobilien.de\/immobilien\/wp-json\/wp\/v2\/users\/2"}],"replies":[{"embeddable":true,"href":"https:\/\/www.radebeul-immobilien.de\/immobilien\/wp-json\/wp\/v2\/comments?post=57"}],"version-history":[{"count":11,"href":"https:\/\/www.radebeul-immobilien.de\/immobilien\/wp-json\/wp\/v2\/pages\/57\/revisions"}],"predecessor-version":[{"id":258,"href":"https:\/\/www.radebeul-immobilien.de\/immobilien\/wp-json\/wp\/v2\/pages\/57\/revisions\/258"}],"wp:attachment":[{"href":"https:\/\/www.radebeul-immobilien.de\/immobilien\/wp-json\/wp\/v2\/media?parent=57"}],"curies":[{"name":"wp","href":"https:\/\/api.w.org\/{rel}","templated":true}]}}