{"id":32,"date":"2016-04-08T12:05:58","date_gmt":"2016-04-08T10:05:58","guid":{"rendered":"http:\/\/demo.knepptec.de\/chris-pannwitz\/formulare\/?page_id=32"},"modified":"2016-04-08T12:05:58","modified_gmt":"2016-04-08T10:05:58","slug":"hausrat-wohngebaeude-und-glasversicherung","status":"publish","type":"page","link":"https:\/\/www.radebeul-immobilien.de\/immobilien\/hausrat-wohngebaeude-und-glasversicherung\/","title":{"rendered":"Hausrat-, Wohngeb\u00e4ude- und Glasversicherung"},"content":{"rendered":"<h2>Hier k\u00f6nnen Sie uns Ihren Schaden schnell und einfach melden.<\/h2>\n<div role=\"form\" class=\"wpcf7\" id=\"wpcf7-f35-o1\" lang=\"de-DE\" dir=\"ltr\">\n<div class=\"screen-reader-response\"><\/div>\n<form action=\"\/immobilien\/wp-json\/wp\/v2\/pages\/32#wpcf7-f35-o1\" method=\"post\" class=\"wpcf7-form\" enctype=\"multipart\/form-data\" novalidate=\"novalidate\">\n<div style=\"display: none;\">\n<input type=\"hidden\" name=\"_wpcf7\" value=\"35\" \/>\n<input type=\"hidden\" name=\"_wpcf7_version\" value=\"5.1.3\" \/>\n<input type=\"hidden\" name=\"_wpcf7_locale\" value=\"de_DE\" \/>\n<input type=\"hidden\" name=\"_wpcf7_unit_tag\" value=\"wpcf7-f35-o1\" \/>\n<input type=\"hidden\" name=\"_wpcf7_container_post\" value=\"0\" \/>\n<\/div>\n<h3>Pers\u00f6nliche Angaben<\/h3>\n<p><i>* Pflichtfelder: Bitte f\u00fcllen Sie die gekennzeichneten Felder in jedem Fall aus. <\/i><\/p>\n<div class=\"form-wrap\">\n<div class=\"form-inner\">\n<table>\n<tr>\n<td><b>Versicherungsgesellschaft*<\/b><span class=\"wpcf7-form-control-wrap Versicherungsgesellschaft\"><input type=\"text\" name=\"Versicherungsgesellschaft\" value=\"\" size=\"40\" class=\"wpcf7-form-control wpcf7-text wpcf7-validates-as-required\" aria-required=\"true\" aria-invalid=\"false\" \/><\/span><\/td>\n<td><b>Versicherungsnummer*<\/b><span class=\"wpcf7-form-control-wrap Versicherungsnummer\"><input type=\"text\" name=\"Versicherungsnummer\" value=\"\" size=\"40\" class=\"wpcf7-form-control wpcf7-text wpcf7-validates-as-required\" aria-required=\"true\" aria-invalid=\"false\" \/><\/span><\/td>\n<td><\/td>\n<\/tr>\n<tr>\n<td><b>Anrede*<\/b><br><span class=\"wpcf7-form-control-wrap Anrede\"><span class=\"wpcf7-form-control wpcf7-radio\"><span class=\"wpcf7-list-item first\"><label><span class=\"wpcf7-list-item-label\">Frau<\/span><input type=\"radio\" name=\"Anrede\" value=\"Frau\" checked=\"checked\" \/><\/label><\/span><span class=\"wpcf7-list-item\"><label><span class=\"wpcf7-list-item-label\">Herr<\/span><input type=\"radio\" name=\"Anrede\" value=\"Herr\" \/><\/label><\/span><span class=\"wpcf7-list-item last\"><label><span class=\"wpcf7-list-item-label\">Firma<\/span><input type=\"radio\" name=\"Anrede\" value=\"Firma\" \/><\/label><\/span><\/span><\/span><\/td>\n<td><b>Vorname<\/b><br><span class=\"wpcf7-form-control-wrap vorname\"><input type=\"text\" name=\"vorname\" value=\"\" size=\"40\" class=\"wpcf7-form-control wpcf7-text\" aria-invalid=\"false\" \/><\/span><\/td>\n<td><b>Nachname\/Firma*<\/b><span class=\"wpcf7-form-control-wrap NachnameFirma\"><input type=\"text\" name=\"NachnameFirma\" value=\"\" size=\"40\" class=\"wpcf7-form-control wpcf7-text wpcf7-validates-as-required\" aria-required=\"true\" aria-invalid=\"false\" \/><\/span><\/td>\n<\/tr>\n<tr>\n<td><b>Stra\u00dfe*<\/b><span class=\"wpcf7-form-control-wrap Strasse\"><input type=\"text\" name=\"Strasse\" value=\"\" size=\"40\" class=\"wpcf7-form-control wpcf7-text wpcf7-validates-as-required\" aria-required=\"true\" aria-invalid=\"false\" \/><\/span><\/td>\n<td><b>Hausnummer*<\/b><span class=\"wpcf7-form-control-wrap Hausnummer\"><input type=\"text\" name=\"Hausnummer\" value=\"\" size=\"40\" class=\"wpcf7-form-control wpcf7-text wpcf7-validates-as-required\" aria-required=\"true\" aria-invalid=\"false\" \/><\/span><\/td>\n<td><b><\/b><\/td>\n<\/tr>\n<tr>\n<td><b>Land*<\/b><span class=\"wpcf7-form-control-wrap Land\"><input type=\"text\" name=\"Land\" value=\"\" size=\"40\" class=\"wpcf7-form-control wpcf7-text wpcf7-validates-as-required\" aria-required=\"true\" aria-invalid=\"false\" \/><\/span><\/td>\n<td><b>PLZ*<\/b><span class=\"wpcf7-form-control-wrap PLZ\"><input type=\"text\" name=\"PLZ\" value=\"\" size=\"40\" class=\"wpcf7-form-control wpcf7-text wpcf7-validates-as-required\" aria-required=\"true\" aria-invalid=\"false\" \/><\/span><\/td>\n<td><b>Ort*<\/b><span class=\"wpcf7-form-control-wrap Ort\"><input type=\"text\" name=\"Ort\" value=\"\" size=\"40\" class=\"wpcf7-form-control wpcf7-text wpcf7-validates-as-required\" aria-required=\"true\" aria-invalid=\"false\" \/><\/span><\/td>\n<\/tr>\n<tr>\n<td><b>Telefon (tags\u00fcber)*<\/b><span class=\"wpcf7-form-control-wrap Telefontagsueber\"><input type=\"text\" name=\"Telefontagsueber\" value=\"\" size=\"40\" class=\"wpcf7-form-control wpcf7-text wpcf7-validates-as-required\" aria-required=\"true\" aria-invalid=\"false\" \/><\/span><\/td>\n<td><b>Mobiltelefon<\/b><span class=\"wpcf7-form-control-wrap Mobiltelefon\"><input type=\"text\" name=\"Mobiltelefon\" value=\"\" size=\"40\" class=\"wpcf7-form-control wpcf7-text\" aria-invalid=\"false\" \/><\/span><\/td>\n<td><b>Telefax<\/b><span class=\"wpcf7-form-control-wrap Telefax\"><input type=\"text\" name=\"Telefax\" value=\"\" size=\"40\" class=\"wpcf7-form-control wpcf7-text\" aria-invalid=\"false\" \/><\/span><\/td>\n<\/tr>\n<tr>\n<td><b>E-Mail*<\/b><span class=\"wpcf7-form-control-wrap E-Mail\"><input type=\"email\" name=\"E-Mail\" value=\"\" size=\"40\" class=\"wpcf7-form-control wpcf7-text wpcf7-email wpcf7-validates-as-required wpcf7-validates-as-email\" aria-required=\"true\" aria-invalid=\"false\" \/><\/span><\/td>\n<td><b><\/b><\/td>\n<td><b><\/b><\/td>\n<\/tr>\n<\/table>\n<\/div>\n<\/div>\n<h3>Angaben zum Schaden<\/h3>\n<div class=\"form-wrap\">\n<div class=\"form-inner\">\n<table>\n<tr>\n<td><b>Art der Versicherung*<\/b><br<span class=\"wpcf7-form-control-wrap ArtDerVersicherung\"><select name=\"ArtDerVersicherung\" class=\"wpcf7-form-control wpcf7-select wpcf7-validates-as-required\" aria-required=\"true\" aria-invalid=\"false\"><option value=\"Hausratversicherung\">Hausratversicherung<\/option><option value=\"Wohngeb\u00e4udeversicherung\">Wohngeb\u00e4udeversicherung<\/option><option value=\"Glasversicherung\">Glasversicherung<\/option><\/select><\/span><\/td>\n<td><b>Art des Schadens* <\/b><span class=\"wpcf7-form-control-wrap ArtDesSchadens\"><input type=\"text\" name=\"ArtDesSchadens\" value=\"\" size=\"40\" class=\"wpcf7-form-control wpcf7-text wpcf7-validates-as-required\" aria-required=\"true\" aria-invalid=\"false\" placeholder=\"z.B. Feuer, Diebstahl, Blitzschlag ...\" \/><\/span><\/td>\n<td><b>Schadenort*<\/b><span class=\"wpcf7-form-control-wrap Schadenort\"><input type=\"text\" name=\"Schadenort\" value=\"\" size=\"40\" class=\"wpcf7-form-control wpcf7-text wpcf7-validates-as-required\" aria-required=\"true\" aria-invalid=\"false\" \/><\/span><\/td>\n<\/tr>\n<tr>\n<td><b>Schadentag (TT\/MM\/JJJJ)*<\/b><span class=\"wpcf7-form-control-wrap Schadenstag\"><input type=\"text\" name=\"Schadenstag\" value=\"\" size=\"40\" class=\"wpcf7-form-control wpcf7-text wpcf7-validates-as-required\" aria-required=\"true\" aria-invalid=\"false\" placeholder=\"z.B. 25.06.2016\" \/><\/span><\/td>\n<td><b>Uhrzeit*<\/b><span class=\"wpcf7-form-control-wrap Uhrzeit\"><input type=\"text\" name=\"Uhrzeit\" value=\"\" size=\"40\" class=\"wpcf7-form-control wpcf7-text wpcf7-validates-as-required\" aria-required=\"true\" aria-invalid=\"false\" placeholder=\"z.B. 12:30\" \/><\/span><\/td>\n<td><b>Schadenh\u00f6he in Euro (unverb. Sch\u00e4tzung)*<\/b><span class=\"wpcf7-form-control-wrap Schadenshoehe\"><input type=\"text\" name=\"Schadenshoehe\" value=\"\" size=\"40\" class=\"wpcf7-form-control wpcf7-text wpcf7-validates-as-required\" aria-required=\"true\" aria-invalid=\"false\" \/><\/span><\/td>\n<\/tr>\n<tr>\n<td><b>Kurze Schilderung des Schadengeschehens*<\/b><span class=\"wpcf7-form-control-wrap SchilderungdesSchaden\"><textarea name=\"SchilderungdesSchaden\" cols=\"40\" rows=\"10\" class=\"wpcf7-form-control wpcf7-textarea wpcf7-validates-as-required\" aria-required=\"true\" aria-invalid=\"false\"><\/textarea><\/span><\/td>\n<td><b>Was wurde besch\u00e4digt?<\/b><span class=\"wpcf7-form-control-wrap textarea-was\"><textarea name=\"textarea-was\" cols=\"40\" rows=\"10\" class=\"wpcf7-form-control wpcf7-textarea wpcf7-validates-as-required\" aria-required=\"true\" aria-invalid=\"false\"><\/textarea><\/span><\/td>\n<td><b>Datei einf\u00fcgen:<\/b><br \/>\n<span class=\"wpcf7-form-control-wrap file-853\"><input type=\"file\" name=\"file-853\" size=\"40\" class=\"wpcf7-form-control wpcf7-file\" accept=\".pdf,.jpeg,.jpg,.png\" aria-invalid=\"false\" \/><\/span><br \/>\n<span class=\"wpcf7-form-control-wrap file-105\"><input type=\"file\" name=\"file-105\" size=\"40\" class=\"wpcf7-form-control wpcf7-file\" accept=\".pdf,.jpeg,.jpg,.png\" aria-invalid=\"false\" \/><\/span><br \/>\n<span class=\"wpcf7-form-control-wrap file-651\"><input type=\"file\" name=\"file-651\" size=\"40\" class=\"wpcf7-form-control wpcf7-file\" accept=\".pdf,.jpeg,.jpg,.png\" aria-invalid=\"false\" \/><\/span><\/p>\n<\/td>\n<\/tr>\n<tr>\n<td colspan=\"3\">\n<div style=\"border: 1px solid silver; padding:10px;\">\n<p>\n\tIhre Angaben werden selbstverst\u00e4ndlich vertraulich behandelt. Wir sichern Ihnen zu, Ihre pers\u00f6nlichen Daten ausschlie\u00dflich zum Zweck der Bearbeitung Ihrer Anfrage zu nutzen und nicht an Dritte weiterzugeben. Wir speichern Ihre Daten lediglich zur Kontaktaufnahme und l\u00f6schen sie, sobald die Zweckbindung entf\u00e4llt. Die Daten\u00fcbertragung erfolgt verschl\u00fcsselt.\n\t<\/p>\n<\/p><\/div>\n<\/td>\n<\/tr>\n<tr>\n<td><b><input type=\"submit\" value=\"Schaden melden\" class=\"wpcf7-form-control wpcf7-submit\" \/><\/td>\n<td><b><\/b><\/td>\n<td><b><\/b><\/td>\n<\/tr>\n<\/table>\n<\/div>\n<\/div>\n<div class=\"wpcf7-response-output wpcf7-display-none\"><\/div><\/form><\/div>\n","protected":false},"excerpt":{"rendered":"<p>Hier k\u00f6nnen Sie uns Ihren Schaden schnell und einfach melden.<\/p>\n","protected":false},"author":2,"featured_media":0,"parent":0,"menu_order":0,"comment_status":"closed","ping_status":"closed","template":"","meta":[],"yoast_head":"<!-- This site is optimized with the Yoast SEO plugin v15.9.1 - https:\/\/yoast.com\/wordpress\/plugins\/seo\/ -->\n<meta name=\"description\" content=\"Radebeul - Immobilien Hausrat-, Wohngeb\u00e4ude- und Glasversicherung &ndash;\" \/>\n<meta name=\"robots\" content=\"index, follow, max-snippet:-1, max-image-preview:large, max-video-preview:-1\" \/>\n<link rel=\"canonical\" href=\"https:\/\/www.radebeul-immobilien.de\/immobilien\/hausrat-wohngebaeude-und-glasversicherung\/\" \/>\n<meta property=\"og:locale\" content=\"de_DE\" \/>\n<meta property=\"og:type\" content=\"article\" \/>\n<meta property=\"og:title\" content=\"Hausrat-, Wohngeb\u00e4ude- und Glasversicherung &ndash; Radebeul - Immobilien\" \/>\n<meta property=\"og:description\" content=\"Radebeul - Immobilien Hausrat-, Wohngeb\u00e4ude- und Glasversicherung &ndash;\" \/>\n<meta property=\"og:url\" content=\"https:\/\/www.radebeul-immobilien.de\/immobilien\/hausrat-wohngebaeude-und-glasversicherung\/\" \/>\n<meta property=\"og:site_name\" content=\"Radebeul - Immobilien\" \/>\n<meta property=\"article:publisher\" content=\"https:\/\/www.facebook.com\/chris.pannwitz\/\" \/>\n<meta property=\"og:image\" content=\"https:\/\/www.radebeul-immobilien.de\/immobilien\/wp-content\/uploads\/2021\/03\/Radebeul-Vers-3333x3333-mrE-001.png\" \/>\n\t<meta property=\"og:image:width\" content=\"3333\" \/>\n\t<meta property=\"og:image:height\" content=\"3333\" \/>\n<meta name=\"twitter:card\" content=\"summary_large_image\" \/>\n<script type=\"application\/ld+json\" class=\"yoast-schema-graph\">{\"@context\":\"https:\/\/schema.org\",\"@graph\":[{\"@type\":\"Organization\",\"@id\":\"https:\/\/www.radebeul-immobilien.de\/immobilien\/#organization\",\"name\":\"Radebeul \\u2013 Immobilien\",\"url\":\"https:\/\/www.radebeul-immobilien.de\/immobilien\/\",\"sameAs\":[\"https:\/\/www.facebook.com\/chris.pannwitz\/\"],\"logo\":{\"@type\":\"ImageObject\",\"@id\":\"https:\/\/www.radebeul-immobilien.de\/immobilien\/#logo\",\"inLanguage\":\"de\",\"url\":\"https:\/\/www.radebeul-immobilien.de\/immobilien\/wp-content\/uploads\/2021\/03\/Radebeul-Vers-3333x3333-mrE-001.png\",\"width\":3333,\"height\":3333,\"caption\":\"Radebeul \\u2013 Immobilien\"},\"image\":{\"@id\":\"https:\/\/www.radebeul-immobilien.de\/immobilien\/#logo\"}},{\"@type\":\"WebSite\",\"@id\":\"https:\/\/www.radebeul-immobilien.de\/immobilien\/#website\",\"url\":\"https:\/\/www.radebeul-immobilien.de\/immobilien\/\",\"name\":\"Radebeul - Immobilien\",\"description\":\"\",\"publisher\":{\"@id\":\"https:\/\/www.radebeul-immobilien.de\/immobilien\/#organization\"},\"potentialAction\":[{\"@type\":\"SearchAction\",\"target\":\"https:\/\/www.radebeul-immobilien.de\/immobilien\/?s={search_term_string}\",\"query-input\":\"required name=search_term_string\"}],\"inLanguage\":\"de\"},{\"@type\":\"WebPage\",\"@id\":\"https:\/\/www.radebeul-immobilien.de\/immobilien\/hausrat-wohngebaeude-und-glasversicherung\/#webpage\",\"url\":\"https:\/\/www.radebeul-immobilien.de\/immobilien\/hausrat-wohngebaeude-und-glasversicherung\/\",\"name\":\"Hausrat-, Wohngeb\\u00e4ude- und Glasversicherung &ndash; Radebeul - Immobilien\",\"isPartOf\":{\"@id\":\"https:\/\/www.radebeul-immobilien.de\/immobilien\/#website\"},\"datePublished\":\"2016-04-08T10:05:58+00:00\",\"dateModified\":\"2016-04-08T10:05:58+00:00\",\"description\":\"Radebeul - Immobilien Hausrat-, Wohngeb\\u00e4ude- und Glasversicherung &ndash;\",\"breadcrumb\":{\"@id\":\"https:\/\/www.radebeul-immobilien.de\/immobilien\/hausrat-wohngebaeude-und-glasversicherung\/#breadcrumb\"},\"inLanguage\":\"de\",\"potentialAction\":[{\"@type\":\"ReadAction\",\"target\":[\"https:\/\/www.radebeul-immobilien.de\/immobilien\/hausrat-wohngebaeude-und-glasversicherung\/\"]}]},{\"@type\":\"BreadcrumbList\",\"@id\":\"https:\/\/www.radebeul-immobilien.de\/immobilien\/hausrat-wohngebaeude-und-glasversicherung\/#breadcrumb\",\"itemListElement\":[{\"@type\":\"ListItem\",\"position\":1,\"item\":{\"@type\":\"WebPage\",\"@id\":\"https:\/\/www.radebeul-immobilien.de\/immobilien\/\",\"url\":\"https:\/\/www.radebeul-immobilien.de\/immobilien\/\",\"name\":\"Startseite\"}},{\"@type\":\"ListItem\",\"position\":2,\"item\":{\"@type\":\"WebPage\",\"@id\":\"https:\/\/www.radebeul-immobilien.de\/immobilien\/hausrat-wohngebaeude-und-glasversicherung\/\",\"url\":\"https:\/\/www.radebeul-immobilien.de\/immobilien\/hausrat-wohngebaeude-und-glasversicherung\/\",\"name\":\"Hausrat-, Wohngeb\\u00e4ude- und Glasversicherung\"}}]}]}<\/script>\n<!-- \/ Yoast SEO plugin. -->","_links":{"self":[{"href":"https:\/\/www.radebeul-immobilien.de\/immobilien\/wp-json\/wp\/v2\/pages\/32"}],"collection":[{"href":"https:\/\/www.radebeul-immobilien.de\/immobilien\/wp-json\/wp\/v2\/pages"}],"about":[{"href":"https:\/\/www.radebeul-immobilien.de\/immobilien\/wp-json\/wp\/v2\/types\/page"}],"author":[{"embeddable":true,"href":"https:\/\/www.radebeul-immobilien.de\/immobilien\/wp-json\/wp\/v2\/users\/2"}],"replies":[{"embeddable":true,"href":"https:\/\/www.radebeul-immobilien.de\/immobilien\/wp-json\/wp\/v2\/comments?post=32"}],"version-history":[{"count":0,"href":"https:\/\/www.radebeul-immobilien.de\/immobilien\/wp-json\/wp\/v2\/pages\/32\/revisions"}],"wp:attachment":[{"href":"https:\/\/www.radebeul-immobilien.de\/immobilien\/wp-json\/wp\/v2\/media?parent=32"}],"curies":[{"name":"wp","href":"https:\/\/api.w.org\/{rel}","templated":true}]}}