{"id":243,"date":"2023-07-06T13:16:45","date_gmt":"2023-07-06T13:16:45","guid":{"rendered":"https:\/\/www.radebeul-immobilien.de\/immobilien\/?page_id=243"},"modified":"2023-07-20T09:37:20","modified_gmt":"2023-07-20T09:37:20","slug":"wohnrechner","status":"publish","type":"page","link":"https:\/\/www.radebeul-immobilien.de\/immobilien\/wohnrechner\/","title":{"rendered":"Wohnrechner"},"content":{"rendered":"\n<h1>Wohnfl\u00e4chenberechnung zum selber machen<\/h1>\n\n\n\n<h3>W\u00e4hlen das gew\u00fcnschte Paket oder teste den Wohnrechner zuerst.<\/h3>\n\n\n\n<iframe src=\"https:\/\/wohnrechner.online\/rechner-werbemittel?embed=1&amp;customtheme=229\" width=\"100%\" height=\"1600px\"><\/iframe><p style=\"text-align:center\">Ein Service von <a href=\"https:\/\/wohnrechner.online\/?ref=942\" rel=\"follow noopener\" target=\"_blank\">wohnrechner.online<\/a><\/p>\n","protected":false},"excerpt":{"rendered":"<p>Wohnfl\u00e4chenberechnung zum selber machen W\u00e4hlen das gew\u00fcnschte Paket oder teste den Wohnrechner zuerst. Ein Service von wohnrechner.online<\/p>\n","protected":false},"author":5,"featured_media":0,"parent":0,"menu_order":0,"comment_status":"closed","ping_status":"closed","template":"","meta":[],"yoast_head":"<!-- This site is optimized with the Yoast SEO plugin v15.9.1 - https:\/\/yoast.com\/wordpress\/plugins\/seo\/ -->\n<meta name=\"description\" content=\"Radebeul - Immobilien Wohnrechner &ndash;\" \/>\n<meta name=\"robots\" content=\"index, follow, max-snippet:-1, max-image-preview:large, max-video-preview:-1\" \/>\n<link rel=\"canonical\" href=\"https:\/\/www.radebeul-immobilien.de\/immobilien\/wohnrechner\/\" \/>\n<meta property=\"og:locale\" content=\"de_DE\" \/>\n<meta property=\"og:type\" content=\"article\" \/>\n<meta property=\"og:title\" content=\"Wohnrechner &ndash; Radebeul - Immobilien\" \/>\n<meta property=\"og:description\" content=\"Radebeul - Immobilien Wohnrechner &ndash;\" \/>\n<meta property=\"og:url\" content=\"https:\/\/www.radebeul-immobilien.de\/immobilien\/wohnrechner\/\" \/>\n<meta property=\"og:site_name\" content=\"Radebeul - Immobilien\" \/>\n<meta property=\"article:publisher\" content=\"https:\/\/www.facebook.com\/chris.pannwitz\/\" \/>\n<meta property=\"article:modified_time\" content=\"2023-07-20T09:37:20+00:00\" \/>\n<meta property=\"og:image\" content=\"https:\/\/www.radebeul-immobilien.de\/immobilien\/wp-content\/uploads\/2021\/03\/Radebeul-Vers-3333x3333-mrE-001.png\" \/>\n\t<meta property=\"og:image:width\" content=\"3333\" \/>\n\t<meta property=\"og:image:height\" content=\"3333\" \/>\n<meta name=\"twitter:card\" content=\"summary_large_image\" \/>\n<meta name=\"twitter:label1\" content=\"Gesch\u00e4tzte Lesezeit\">\n\t<meta name=\"twitter:data1\" content=\"1\u00a0Minute\">\n<script type=\"application\/ld+json\" class=\"yoast-schema-graph\">{\"@context\":\"https:\/\/schema.org\",\"@graph\":[{\"@type\":\"Organization\",\"@id\":\"https:\/\/www.radebeul-immobilien.de\/immobilien\/#organization\",\"name\":\"Radebeul \\u2013 Immobilien\",\"url\":\"https:\/\/www.radebeul-immobilien.de\/immobilien\/\",\"sameAs\":[\"https:\/\/www.facebook.com\/chris.pannwitz\/\"],\"logo\":{\"@type\":\"ImageObject\",\"@id\":\"https:\/\/www.radebeul-immobilien.de\/immobilien\/#logo\",\"inLanguage\":\"de\",\"url\":\"https:\/\/www.radebeul-immobilien.de\/immobilien\/wp-content\/uploads\/2021\/03\/Radebeul-Vers-3333x3333-mrE-001.png\",\"width\":3333,\"height\":3333,\"caption\":\"Radebeul \\u2013 Immobilien\"},\"image\":{\"@id\":\"https:\/\/www.radebeul-immobilien.de\/immobilien\/#logo\"}},{\"@type\":\"WebSite\",\"@id\":\"https:\/\/www.radebeul-immobilien.de\/immobilien\/#website\",\"url\":\"https:\/\/www.radebeul-immobilien.de\/immobilien\/\",\"name\":\"Radebeul - Immobilien\",\"description\":\"\",\"publisher\":{\"@id\":\"https:\/\/www.radebeul-immobilien.de\/immobilien\/#organization\"},\"potentialAction\":[{\"@type\":\"SearchAction\",\"target\":\"https:\/\/www.radebeul-immobilien.de\/immobilien\/?s={search_term_string}\",\"query-input\":\"required name=search_term_string\"}],\"inLanguage\":\"de\"},{\"@type\":\"WebPage\",\"@id\":\"https:\/\/www.radebeul-immobilien.de\/immobilien\/wohnrechner\/#webpage\",\"url\":\"https:\/\/www.radebeul-immobilien.de\/immobilien\/wohnrechner\/\",\"name\":\"Wohnrechner &ndash; Radebeul - Immobilien\",\"isPartOf\":{\"@id\":\"https:\/\/www.radebeul-immobilien.de\/immobilien\/#website\"},\"datePublished\":\"2023-07-06T13:16:45+00:00\",\"dateModified\":\"2023-07-20T09:37:20+00:00\",\"description\":\"Radebeul - Immobilien Wohnrechner &ndash;\",\"breadcrumb\":{\"@id\":\"https:\/\/www.radebeul-immobilien.de\/immobilien\/wohnrechner\/#breadcrumb\"},\"inLanguage\":\"de\",\"potentialAction\":[{\"@type\":\"ReadAction\",\"target\":[\"https:\/\/www.radebeul-immobilien.de\/immobilien\/wohnrechner\/\"]}]},{\"@type\":\"BreadcrumbList\",\"@id\":\"https:\/\/www.radebeul-immobilien.de\/immobilien\/wohnrechner\/#breadcrumb\",\"itemListElement\":[{\"@type\":\"ListItem\",\"position\":1,\"item\":{\"@type\":\"WebPage\",\"@id\":\"https:\/\/www.radebeul-immobilien.de\/immobilien\/\",\"url\":\"https:\/\/www.radebeul-immobilien.de\/immobilien\/\",\"name\":\"Startseite\"}},{\"@type\":\"ListItem\",\"position\":2,\"item\":{\"@type\":\"WebPage\",\"@id\":\"https:\/\/www.radebeul-immobilien.de\/immobilien\/wohnrechner\/\",\"url\":\"https:\/\/www.radebeul-immobilien.de\/immobilien\/wohnrechner\/\",\"name\":\"Wohnrechner\"}}]}]}<\/script>\n<!-- \/ Yoast SEO plugin. -->","_links":{"self":[{"href":"https:\/\/www.radebeul-immobilien.de\/immobilien\/wp-json\/wp\/v2\/pages\/243"}],"collection":[{"href":"https:\/\/www.radebeul-immobilien.de\/immobilien\/wp-json\/wp\/v2\/pages"}],"about":[{"href":"https:\/\/www.radebeul-immobilien.de\/immobilien\/wp-json\/wp\/v2\/types\/page"}],"author":[{"embeddable":true,"href":"https:\/\/www.radebeul-immobilien.de\/immobilien\/wp-json\/wp\/v2\/users\/5"}],"replies":[{"embeddable":true,"href":"https:\/\/www.radebeul-immobilien.de\/immobilien\/wp-json\/wp\/v2\/comments?post=243"}],"version-history":[{"count":8,"href":"https:\/\/www.radebeul-immobilien.de\/immobilien\/wp-json\/wp\/v2\/pages\/243\/revisions"}],"predecessor-version":[{"id":252,"href":"https:\/\/www.radebeul-immobilien.de\/immobilien\/wp-json\/wp\/v2\/pages\/243\/revisions\/252"}],"wp:attachment":[{"href":"https:\/\/www.radebeul-immobilien.de\/immobilien\/wp-json\/wp\/v2\/media?parent=243"}],"curies":[{"name":"wp","href":"https:\/\/api.w.org\/{rel}","templated":true}]}}