{"id":112,"date":"2020-06-18T12:43:15","date_gmt":"2020-06-18T12:43:15","guid":{"rendered":"https:\/\/www.radebeul-immobilien.de\/immobilien\/?page_id=112"},"modified":"2026-01-09T16:35:08","modified_gmt":"2026-01-09T16:35:08","slug":"angebote-wohnimmobilien","status":"publish","type":"page","link":"https:\/\/www.radebeul-immobilien.de\/immobilien\/angebote-wohnimmobilien\/","title":{"rendered":"Angebote Wohnimmobilien"},"content":{"rendered":"\n    \n    <div class=\"es-wrap ispirit\">\n                    \n    <form method=\"GET\" action=\"https:\/\/www.radebeul-immobilien.de\/immobilien\/wp-json\/wp\/v2\/pages\/112\" class=\"es-dropdown-container\">\n        <select class=\"js-es-select2-sort js-es-change-submit\" name=\"redirect_view_sort\">\n                            <option value=\"recent\" >Neueste<\/option>\n                            <option value=\"highest_price\" >H\u00f6chster Preis<\/option>\n                            <option value=\"lowest_price\" >Geringster Preis<\/option>\n                            <option value=\"featured\" >Empfohlen<\/option>\n                    <\/select>\n        <input type=\"hidden\" name=\"shortcode_identifier\" value=\"1\"\/>\n    <\/form>\n                <div class=\"es-listing es-layout-list\" data-layout=\"es-layout-list\">\n                            \n<div id=\"post-265\" class=\"properties post-265 type-properties status-publish has-post-thumbnail hentry es_category-angebote-wohnimmobilien\">\n    <div class=\"es-property-inner\">\n        <div class=\"es-property-thumbnail\">\n            <div class=\"es-thumbnail\">\n                <a href=\"https:\/\/www.radebeul-immobilien.de\/immobilien\/property\/einfamilienhaus-in-niederpesterwitz-freital\/\">\n                                            <img width=\"536\" height=\"370\" src=\"https:\/\/www.radebeul-immobilien.de\/immobilien\/wp-content\/uploads\/2026\/01\/DJI_0165-536x370.jpg\" class=\"attachment-es-image-size-archive size-es-image-size-archive\" alt=\"\" loading=\"lazy\" \/>                    \n                                            <ul class=\"es-property-label-wrap\">\n                                                                                                <li class=\"es-property-label es-property-label-4 es-property-label-empfohlen\"\n                                        style=\"color:#00cbf0\">Empfohlen<\/li><br>\n                                                                                                                                                                                            <li class=\"es-property-label es-property-label-6 es-property-label-offenes-haus\"\n                                        style=\"color:#2bbe0e\">Offenes Haus<\/li><br>\n                                                                                                                                                <\/ul>\n                                                                <div class=\"es-thumbnail-bottom\">24<\/div>\n                                    <\/a>\n            <\/div>\n        <\/div>\n\n        <div class=\"es-property-info\">\n\n            <div class=\"es-row-view\">\n                <h2>\n                    <a href=\"https:\/\/www.radebeul-immobilien.de\/immobilien\/property\/einfamilienhaus-in-niederpesterwitz-freital\/\">Verkauf &#8211; Einfamilienhaus\/ Zweifamiliennutzung in Niederpesterwitz Freital<\/a>\n                    <span class=\"es-price\">Preis auf Anfrage<\/span>                <\/h2>\n            <\/div>\n\n            <div class=\"es-col-view\">\n                <h2>\n                    <a class=\"es-property-link\" href=\"https:\/\/www.radebeul-immobilien.de\/immobilien\/property\/einfamilienhaus-in-niederpesterwitz-freital\/\">Verkauf &#8211; Einfamilienhaus\/ Zweifamiliennutzung in Niederpesterwitz Freital<\/a>\n\t                <a href='#' class='js-es-wishlist-button' data-id='265' data-method='add'><i class='fa fa-heart-o' aria-hidden='true'><\/i><\/a>                <\/h2>\n\t            <span class=\"es-price\">Preis auf Anfrage<\/span>            <\/div>\n\n\t        \n            <div class=\"es-property-content\">\n                <div class=\"es-property-excerpt\">\n\t\t            <p>Einfamilienhaus mit optionaler Zweifamiliennutzung in Freital-Niederpesterwitz im internen Bieterverfahren\u00a0 Adresse:\u00a0 01705 Freital \u2013 Niederpesterwitz Nur 5 Minuten von der Kesselsdorfer Stra\u00dfe entfernt \u00a0 Objektbeschreibung:\u00a0 Dieses gepflegte Einfamilienhaus aus dem Jahr 1995 \u00fcberzeugt durch seine gro\u00dfz\u00fcgige Wohnfl\u00e4che, flexible Nutzungsm\u00f6glichkeiten und ruhige, dennoch zentrale Lage in Freital-Niederpesterwitz.\u00a0 Mit einer Gesamtwohnfl\u00e4che von ca. 250 m\u00b2 bietet die Immobilie ausreichend Platz f\u00fcr eine gro\u00dfe<\/p>\n<div class=\"read-more\"><a class=\"more-link\" href=\"https:\/\/www.radebeul-immobilien.de\/immobilien\/property\/einfamilienhaus-in-niederpesterwitz-freital\/\">Read More &#8230;<\/a><\/div>\n                <\/div>\n                <div class=\"es-property-wishlist\">\n\t\t            <a href='#' class='js-es-wishlist-button' data-id='265' data-method='add'><i class='fa fa-heart-o' aria-hidden='true'><\/i><\/a>                <\/div>\n            <\/div>\n\n            \n            <div class=\"es-bottom-info\">\n                            <div class=\"es-bottom-icon__list\">                        <span class=\"es-bottom-icon\">\n                                                            <span class=\"es-meta-icon es-meta-icon--area\" style=\"background-image: url(https:\/\/www.radebeul-immobilien.de\/immobilien\/wp-content\/plugins\/estatik\/assets\/images\/squirefit_icon.png);\"><\/span>\n                                                        250 m\u00b2                        <\/span>\n                                                            <span class=\"es-bottom-icon\">\n                                                            <span class=\"es-meta-icon es-meta-icon--bedrooms\" style=\"background-image: url(https:\/\/www.radebeul-immobilien.de\/immobilien\/wp-content\/plugins\/estatik\/assets\/images\/bed_icon.png);\"><\/span>\n                                                        3 Schlafzimmer                        <\/span>\n                                                            <span class=\"es-bottom-icon\">\n                                                            <span class=\"es-meta-icon es-meta-icon--bathrooms\" style=\"background-image: url(https:\/\/www.radebeul-immobilien.de\/immobilien\/wp-content\/plugins\/estatik\/assets\/images\/bath_icon.png);\"><\/span>\n                                                        2 Badezimmer                        <\/span>\n                                    <\/div>\n        \n                <div class=\"es-details-wrap\">\n                    <div class=\"es-details-flex\">\n                                                <span class=\"es-read-wrap\">\n                            <a href=\"https:\/\/www.radebeul-immobilien.de\/immobilien\/property\/einfamilienhaus-in-niederpesterwitz-freital\/\" class=\"es-button es-button-orange es-hover-show es-read\">Einzelheiten<\/a>\n                        <\/span>\n                    <\/div>\n                <\/div>\n            <\/div>\n        <\/div>\n\n    <\/div>\n<\/div>\n                    <\/div>\n\n            <\/div>\n    <div class=\"es-powered\">\n\t<p>\n\t\tUnterst\u00fctzt von <a href=\"https:\/\/estatik.net\" target=\"_blank\"> Estatik <\/a>\t<\/p>\n<\/div>\n        \n\n\n\n<p><\/p>\n","protected":false},"excerpt":{"rendered":"Einfamilienhaus mit optionaler Zweifamiliennutzung in Freital-Niederpesterwitz im internen Bieterverfahren\u00a0 Adresse:\u00a0 01705 Freital \u2013 Niederpesterwitz Nur 5 Minuten von der Kesselsdorfer Stra\u00dfe entfernt \u00a0 Objektbeschreibung:\u00a0 Dieses gepflegte Einfamilienhaus aus dem Jahr 1995 \u00fcberzeugt durch seine gro\u00dfz\u00fcgige Wohnfl\u00e4che, flexible Nutzungsm\u00f6glichkeiten und ruhige, dennoch zentrale Lage in Freital-Niederpesterwitz.\u00a0 Mit einer Gesamtwohnfl\u00e4che von ca. 250 m\u00b2 bietet die Immobilie ausreichend Platz f\u00fcr eine gro\u00dfe<div class=\"read-more\"><a class=\"more-link\" href=\"https:\/\/www.radebeul-immobilien.de\/immobilien\/property\/einfamilienhaus-in-niederpesterwitz-freital\/\">Read More ...<\/a><\/div>","protected":false},"author":3,"featured_media":0,"parent":0,"menu_order":0,"comment_status":"closed","ping_status":"closed","template":"","meta":[],"yoast_head":"<!-- This site is optimized with the Yoast SEO plugin v15.9.1 - https:\/\/yoast.com\/wordpress\/plugins\/seo\/ -->\n<meta name=\"description\" content=\"Radebeul - Immobilien Angebote Wohnimmobilien &ndash;\" \/>\n<meta name=\"robots\" content=\"index, follow, max-snippet:-1, max-image-preview:large, max-video-preview:-1\" \/>\n<link rel=\"canonical\" href=\"https:\/\/www.radebeul-immobilien.de\/immobilien\/angebote-wohnimmobilien\/\" \/>\n<meta property=\"og:locale\" content=\"de_DE\" \/>\n<meta property=\"og:type\" content=\"article\" \/>\n<meta property=\"og:title\" content=\"Angebote Wohnimmobilien &ndash; Radebeul - Immobilien\" \/>\n<meta property=\"og:description\" content=\"Radebeul - Immobilien Angebote Wohnimmobilien &ndash;\" \/>\n<meta property=\"og:url\" content=\"https:\/\/www.radebeul-immobilien.de\/immobilien\/angebote-wohnimmobilien\/\" \/>\n<meta property=\"og:site_name\" content=\"Radebeul - Immobilien\" \/>\n<meta property=\"article:publisher\" content=\"https:\/\/www.facebook.com\/chris.pannwitz\/\" \/>\n<meta property=\"article:modified_time\" content=\"2026-01-09T16:35:08+00:00\" \/>\n<meta property=\"og:image\" content=\"https:\/\/www.radebeul-immobilien.de\/immobilien\/wp-content\/uploads\/2021\/03\/Radebeul-Vers-3333x3333-mrE-001.png\" \/>\n\t<meta property=\"og:image:width\" content=\"3333\" \/>\n\t<meta property=\"og:image:height\" content=\"3333\" \/>\n<meta name=\"twitter:card\" content=\"summary_large_image\" \/>\n<meta name=\"twitter:label1\" content=\"Gesch\u00e4tzte Lesezeit\">\n\t<meta name=\"twitter:data1\" content=\"1\u00a0Minute\">\n<script type=\"application\/ld+json\" class=\"yoast-schema-graph\">{\"@context\":\"https:\/\/schema.org\",\"@graph\":[{\"@type\":\"Organization\",\"@id\":\"https:\/\/www.radebeul-immobilien.de\/immobilien\/#organization\",\"name\":\"Radebeul \\u2013 Immobilien\",\"url\":\"https:\/\/www.radebeul-immobilien.de\/immobilien\/\",\"sameAs\":[\"https:\/\/www.facebook.com\/chris.pannwitz\/\"],\"logo\":{\"@type\":\"ImageObject\",\"@id\":\"https:\/\/www.radebeul-immobilien.de\/immobilien\/#logo\",\"inLanguage\":\"de\",\"url\":\"https:\/\/www.radebeul-immobilien.de\/immobilien\/wp-content\/uploads\/2021\/03\/Radebeul-Vers-3333x3333-mrE-001.png\",\"width\":3333,\"height\":3333,\"caption\":\"Radebeul \\u2013 Immobilien\"},\"image\":{\"@id\":\"https:\/\/www.radebeul-immobilien.de\/immobilien\/#logo\"}},{\"@type\":\"WebSite\",\"@id\":\"https:\/\/www.radebeul-immobilien.de\/immobilien\/#website\",\"url\":\"https:\/\/www.radebeul-immobilien.de\/immobilien\/\",\"name\":\"Radebeul - Immobilien\",\"description\":\"\",\"publisher\":{\"@id\":\"https:\/\/www.radebeul-immobilien.de\/immobilien\/#organization\"},\"potentialAction\":[{\"@type\":\"SearchAction\",\"target\":\"https:\/\/www.radebeul-immobilien.de\/immobilien\/?s={search_term_string}\",\"query-input\":\"required name=search_term_string\"}],\"inLanguage\":\"de\"},{\"@type\":\"WebPage\",\"@id\":\"https:\/\/www.radebeul-immobilien.de\/immobilien\/angebote-wohnimmobilien\/#webpage\",\"url\":\"https:\/\/www.radebeul-immobilien.de\/immobilien\/angebote-wohnimmobilien\/\",\"name\":\"Angebote Wohnimmobilien &ndash; Radebeul - Immobilien\",\"isPartOf\":{\"@id\":\"https:\/\/www.radebeul-immobilien.de\/immobilien\/#website\"},\"datePublished\":\"2020-06-18T12:43:15+00:00\",\"dateModified\":\"2026-01-09T16:35:08+00:00\",\"description\":\"Radebeul - Immobilien Angebote Wohnimmobilien &ndash;\",\"breadcrumb\":{\"@id\":\"https:\/\/www.radebeul-immobilien.de\/immobilien\/angebote-wohnimmobilien\/#breadcrumb\"},\"inLanguage\":\"de\",\"potentialAction\":[{\"@type\":\"ReadAction\",\"target\":[\"https:\/\/www.radebeul-immobilien.de\/immobilien\/angebote-wohnimmobilien\/\"]}]},{\"@type\":\"BreadcrumbList\",\"@id\":\"https:\/\/www.radebeul-immobilien.de\/immobilien\/angebote-wohnimmobilien\/#breadcrumb\",\"itemListElement\":[{\"@type\":\"ListItem\",\"position\":1,\"item\":{\"@type\":\"WebPage\",\"@id\":\"https:\/\/www.radebeul-immobilien.de\/immobilien\/\",\"url\":\"https:\/\/www.radebeul-immobilien.de\/immobilien\/\",\"name\":\"Startseite\"}},{\"@type\":\"ListItem\",\"position\":2,\"item\":{\"@type\":\"WebPage\",\"@id\":\"https:\/\/www.radebeul-immobilien.de\/immobilien\/angebote-wohnimmobilien\/\",\"url\":\"https:\/\/www.radebeul-immobilien.de\/immobilien\/angebote-wohnimmobilien\/\",\"name\":\"Angebote Wohnimmobilien\"}}]}]}<\/script>\n<!-- \/ Yoast SEO plugin. -->","_links":{"self":[{"href":"https:\/\/www.radebeul-immobilien.de\/immobilien\/wp-json\/wp\/v2\/pages\/112"}],"collection":[{"href":"https:\/\/www.radebeul-immobilien.de\/immobilien\/wp-json\/wp\/v2\/pages"}],"about":[{"href":"https:\/\/www.radebeul-immobilien.de\/immobilien\/wp-json\/wp\/v2\/types\/page"}],"author":[{"embeddable":true,"href":"https:\/\/www.radebeul-immobilien.de\/immobilien\/wp-json\/wp\/v2\/users\/3"}],"replies":[{"embeddable":true,"href":"https:\/\/www.radebeul-immobilien.de\/immobilien\/wp-json\/wp\/v2\/comments?post=112"}],"version-history":[{"count":3,"href":"https:\/\/www.radebeul-immobilien.de\/immobilien\/wp-json\/wp\/v2\/pages\/112\/revisions"}],"predecessor-version":[{"id":144,"href":"https:\/\/www.radebeul-immobilien.de\/immobilien\/wp-json\/wp\/v2\/pages\/112\/revisions\/144"}],"wp:attachment":[{"href":"https:\/\/www.radebeul-immobilien.de\/immobilien\/wp-json\/wp\/v2\/media?parent=112"}],"curies":[{"name":"wp","href":"https:\/\/api.w.org\/{rel}","templated":true}]}}